{"id":2,"date":"2014-09-27T12:26:15","date_gmt":"2014-09-27T12:26:15","guid":{"rendered":"http:\/\/www.wherethestreetshavenoname.de\/wordpress\/?page_id=2"},"modified":"2018-12-27T20:02:39","modified_gmt":"2018-12-27T19:02:39","slug":"beispiel-seite","status":"publish","type":"page","link":"https:\/\/wherethestreetshavenoname.de\/","title":{"rendered":"Where the streets have no name"},"content":{"rendered":"<p>Zw\u00f6lf Monate Freiheit, was f\u00e4ngt man damit am besten an? &#8222;Ab mit den Mopeds gen Osten!&#8220; hatten wir uns vorgestellt. Eigentlich war zuerst die Idee der Reise da, sonst h\u00e4tte es das freie Jahr gar nicht gegeben. Aber irgendwann stellt man unweigerlich fest, man hat nicht nur die geplante Reise, sondern auch verdammte zw\u00f6lf Monate zur herrlich sinnfreien Verf\u00fcgung.<\/p>\n<p>Mit dem Moped zu reisen ist gro\u00dfartig, langsam genug um ein Land zu erleben und wenn es grad nicht gef\u00e4llt, ist man auch schnell wieder weg. Das eigene Tempo, beschr\u00e4nkt nur durch Visazeiten, Witterung und nat\u00fcrlich k\u00f6rperliche Fitness, relative Unabh\u00e4ngigkeit durchs eigene Zelt und eine gesunde Balance zwischen mitgef\u00fchrtem praktischem Ger\u00f6del und leichtem Gep\u00e4ck f\u00fcr ausreichend Fahrspa\u00df. So erlebten wir die ersten sechs Monate unserer Reise.<\/p>\n<p>&#8222;Verflixt, wer wei\u00df schon, warum dies oder jenes passiert?&#8220;, sagte schon Peter Grants Vater. Wir jedenfalls schickten die Mopeds aus Furcht vor Pakistan bereits ab Dubai per Schiff gen Heimat und reisen ohne sie &#8211; zugegeben, mit etwas ungew\u00f6hnlichem Gep\u00e4ck &#8211; auf dem Luftweg weiter. F\u00fcr den zweiten Teil unserer Reise w\u00fcnschen wir uns nun etwas Best\u00e4ndigkeit, daher mieten wir m\u00f6blierte Wohnungen und erkundeten die jeweiligen Orte genauer.<\/p>\n<p>Und \u00fcber all das, was wir so erleben, berichten wir hier.<\/p>\n","protected":false},"excerpt":{"rendered":"<p>Zw\u00f6lf Monate Freiheit, was f\u00e4ngt man damit am besten an?  [&#8230;]<\/p>\n","protected":false},"author":1,"featured_media":0,"parent":0,"menu_order":0,"comment_status":"open","ping_status":"open","template":"","meta":{"footnotes":""},"class_list":["post-2","page","type-page","status-publish","hentry"],"_links":{"self":[{"href":"https:\/\/wherethestreetshavenoname.de\/index.php?rest_route=\/wp\/v2\/pages\/2","targetHints":{"allow":["GET"]}}],"collection":[{"href":"https:\/\/wherethestreetshavenoname.de\/index.php?rest_route=\/wp\/v2\/pages"}],"about":[{"href":"https:\/\/wherethestreetshavenoname.de\/index.php?rest_route=\/wp\/v2\/types\/page"}],"author":[{"embeddable":true,"href":"https:\/\/wherethestreetshavenoname.de\/index.php?rest_route=\/wp\/v2\/users\/1"}],"replies":[{"embeddable":true,"href":"https:\/\/wherethestreetshavenoname.de\/index.php?rest_route=%2Fwp%2Fv2%2Fcomments&post=2"}],"version-history":[{"count":9,"href":"https:\/\/wherethestreetshavenoname.de\/index.php?rest_route=\/wp\/v2\/pages\/2\/revisions"}],"predecessor-version":[{"id":4622,"href":"https:\/\/wherethestreetshavenoname.de\/index.php?rest_route=\/wp\/v2\/pages\/2\/revisions\/4622"}],"wp:attachment":[{"href":"https:\/\/wherethestreetshavenoname.de\/index.php?rest_route=%2Fwp%2Fv2%2Fmedia&parent=2"}],"curies":[{"name":"wp","href":"https:\/\/api.w.org\/{rel}","templated":true}]}}